{"id":2501,"date":"2022-09-16T12:33:47","date_gmt":"2022-09-16T12:33:47","guid":{"rendered":"https:\/\/signalo.pl\/?page_id=2501"},"modified":"2023-07-06T07:54:32","modified_gmt":"2023-07-06T07:54:32","slug":"fundation","status":"publish","type":"page","link":"https:\/\/signalo.pl\/en\/fundation\/","title":{"rendered":"Foundation"},"content":{"rendered":"\t\t<div data-elementor-type=\"wp-page\" data-elementor-id=\"2501\" class=\"elementor elementor-2501\">\n\t\t\t\t\t\t<section class=\"elementor-section elementor-top-section elementor-element elementor-element-9cd8798 elementor-section-boxed elementor-section-height-default elementor-section-height-default\" data-id=\"9cd8798\" data-element_type=\"section\">\n\t\t\t\t\t\t\t<div class=\"elementor-background-overlay\"><\/div>\n\t\t\t\t\t\t\t<div class=\"elementor-container elementor-column-gap-default\">\n\t\t\t\t\t<div class=\"elementor-column elementor-col-100 elementor-top-column elementor-element elementor-element-40a3528\" data-id=\"40a3528\" data-element_type=\"column\">\n\t\t\t<div class=\"elementor-widget-wrap elementor-element-populated\">\n\t\t\t\t\t\t<section class=\"elementor-section elementor-inner-section elementor-element elementor-element-738fb15 elementor-section-full_width elementor-section-height-default elementor-section-height-default\" data-id=\"738fb15\" data-element_type=\"section\">\n\t\t\t\t\t\t<div class=\"elementor-container elementor-column-gap-default\">\n\t\t\t\t\t<div class=\"elementor-column elementor-col-100 elementor-inner-column elementor-element elementor-element-7d128a9\" data-id=\"7d128a9\" data-element_type=\"column\">\n\t\t\t<div class=\"elementor-widget-wrap elementor-element-populated\">\n\t\t\t\t\t\t<div class=\"elementor-element elementor-element-f8ff4de elementor-widget elementor-widget-heading\" data-id=\"f8ff4de\" data-element_type=\"widget\" data-settings=\"{&quot;_animation&quot;:&quot;none&quot;}\" data-widget_type=\"heading.default\">\n\t\t\t\t<div class=\"elementor-widget-container\">\n\t\t\t<style>\/*! elementor - v3.23.0 - 05-08-2024 *\/\n.elementor-heading-title{padding:0;margin:0;line-height:1}.elementor-widget-heading .elementor-heading-title[class*=elementor-size-]>a{color:inherit;font-size:inherit;line-height:inherit}.elementor-widget-heading .elementor-heading-title.elementor-size-small{font-size:15px}.elementor-widget-heading .elementor-heading-title.elementor-size-medium{font-size:19px}.elementor-widget-heading .elementor-heading-title.elementor-size-large{font-size:29px}.elementor-widget-heading .elementor-heading-title.elementor-size-xl{font-size:39px}.elementor-widget-heading .elementor-heading-title.elementor-size-xxl{font-size:59px}<\/style><h2 class=\"elementor-heading-title elementor-size-default\">Foundation<\/h2>\t\t<\/div>\n\t\t\t\t<\/div>\n\t\t\t\t\t<\/div>\n\t\t<\/div>\n\t\t\t\t\t<\/div>\n\t\t<\/section>\n\t\t\t\t<section class=\"elementor-section elementor-inner-section elementor-element elementor-element-549583a elementor-section-full_width elementor-section-height-default elementor-section-height-default\" data-id=\"549583a\" data-element_type=\"section\">\n\t\t\t\t\t\t<div class=\"elementor-container elementor-column-gap-default\">\n\t\t\t\t\t<div class=\"elementor-column elementor-col-50 elementor-inner-column elementor-element elementor-element-d8c344e box-shadow\" data-id=\"d8c344e\" data-element_type=\"column\" data-settings=\"{&quot;background_background&quot;:&quot;classic&quot;}\">\n\t\t\t<div class=\"elementor-widget-wrap elementor-element-populated\">\n\t\t\t\t\t\t<div class=\"elementor-element elementor-element-fd0e26e elementor-widget elementor-widget-heading\" data-id=\"fd0e26e\" data-element_type=\"widget\" data-widget_type=\"heading.default\">\n\t\t\t\t<div class=\"elementor-widget-container\">\n\t\t\t<h2 class=\"elementor-heading-title elementor-size-default\">INSTYTUT DZIA\u0141A\u0143 AUDIOWIZUALNYCH<\/h2>\t\t<\/div>\n\t\t\t\t<\/div>\n\t\t\t\t<div class=\"elementor-element elementor-element-f87e7bb elementor-widget elementor-widget-text-editor\" data-id=\"f87e7bb\" data-element_type=\"widget\" data-widget_type=\"text-editor.default\">\n\t\t\t\t<div class=\"elementor-widget-container\">\n\t\t\t<style>\/*! elementor - v3.23.0 - 05-08-2024 *\/\n.elementor-widget-text-editor.elementor-drop-cap-view-stacked .elementor-drop-cap{background-color:#69727d;color:#fff}.elementor-widget-text-editor.elementor-drop-cap-view-framed .elementor-drop-cap{color:#69727d;border:3px solid;background-color:transparent}.elementor-widget-text-editor:not(.elementor-drop-cap-view-default) .elementor-drop-cap{margin-top:8px}.elementor-widget-text-editor:not(.elementor-drop-cap-view-default) .elementor-drop-cap-letter{width:1em;height:1em}.elementor-widget-text-editor .elementor-drop-cap{float:left;text-align:center;line-height:1;font-size:50px}.elementor-widget-text-editor .elementor-drop-cap-letter{display:inline-block}<\/style>\t\t\t\t<p>REGON: 381102076<br \/>NIP: 6342935501<br \/>KRS: 0000745896<\/p>\n<p>Address: 40-711 Katowice, ul. Tadeusza Saloniego 11<\/p>\n<p><a href=\"https:\/\/czerwonystoliczek.eu\/wp-content\/uploads\/2022\/09\/ida-statut.pdf\" target=\"_blank\" rel=\"noopener\">View Statute<\/a><\/p>\n\t\t\t\t\t\t<\/div>\n\t\t\t\t<\/div>\n\t\t\t\t\t<\/div>\n\t\t<\/div>\n\t\t\t\t<div class=\"elementor-column elementor-col-50 elementor-inner-column elementor-element elementor-element-c35e4b8\" data-id=\"c35e4b8\" data-element_type=\"column\">\n\t\t\t<div class=\"elementor-widget-wrap\">\n\t\t\t\t\t\t\t<\/div>\n\t\t<\/div>\n\t\t\t\t\t<\/div>\n\t\t<\/section>\n\t\t\t\t\t<\/div>\n\t\t<\/div>\n\t\t\t\t\t<\/div>\n\t\t<\/section>\n\t\t\t\t<section class=\"elementor-section elementor-top-section elementor-element elementor-element-5248f57 elementor-section-boxed elementor-section-height-default elementor-section-height-default\" data-id=\"5248f57\" data-element_type=\"section\">\n\t\t\t\t\t\t<div class=\"elementor-container elementor-column-gap-default\">\n\t\t\t\t\t<div class=\"elementor-column elementor-col-100 elementor-top-column elementor-element elementor-element-1e7f9b0\" data-id=\"1e7f9b0\" data-element_type=\"column\">\n\t\t\t<div class=\"elementor-widget-wrap elementor-element-populated\">\n\t\t\t\t\t\t<div class=\"elementor-element elementor-element-a8ae925 elementor-widget elementor-widget-heading\" data-id=\"a8ae925\" data-element_type=\"widget\" data-widget_type=\"heading.default\">\n\t\t\t\t<div class=\"elementor-widget-container\">\n\t\t\t<h2 class=\"elementor-heading-title elementor-size-default\">Foundation's mission<\/h2>\t\t<\/div>\n\t\t\t\t<\/div>\n\t\t\t\t\t<\/div>\n\t\t<\/div>\n\t\t\t\t\t<\/div>\n\t\t<\/section>\n\t\t\t\t<section class=\"elementor-section elementor-top-section elementor-element elementor-element-77e08ae elementor-section-boxed elementor-section-height-default elementor-section-height-default\" data-id=\"77e08ae\" data-element_type=\"section\">\n\t\t\t\t\t\t<div class=\"elementor-container elementor-column-gap-default\">\n\t\t\t\t\t<div class=\"elementor-column elementor-col-100 elementor-top-column elementor-element elementor-element-a7e506c\" data-id=\"a7e506c\" data-element_type=\"column\">\n\t\t\t<div class=\"elementor-widget-wrap elementor-element-populated\">\n\t\t\t\t\t\t<div class=\"elementor-element elementor-element-915a28c elementor-widget elementor-widget-text-editor\" data-id=\"915a28c\" data-element_type=\"widget\" data-widget_type=\"text-editor.default\">\n\t\t\t\t<div class=\"elementor-widget-container\">\n\t\t\t\t\t\t\t<p>The mission of the Foundation is <strong>effective action for social and economic utility.<\/strong><\/p>\n<p>This action covers, in particular, such areas as health protection, economic and scientific development, education and<br>education, culture and art, social care and assistance, environmental protection.<\/p>\n<h4>Areas of activity related to the implementation of the mission<\/h4>\n<p><strong>EDUCATION<\/strong><\/p>\n<p>The Foundation carries out its mission by: through the education of children, youth and adults in the field of upbringing and development personal and social protection, environmental protection and health protection, protection of national cultural assets, regional tradition of local communities.<\/p>\n<p>Vocational education, which is part of the foundation&#8217;s mission, includes acquiring and improving professional qualifications and professionalization of skills, improving social competences, in particular by conducting workshops, classes, training, creating jobs, organizing symposiums, conferences, and creating programs and publishing information materials.<\/p>\n<p><strong>ACTIVATION<\/strong><\/p>\n<p>The mission of the foundation is also related to activities aimed at activation and integration of people at risk of social exclusion, the disabled, economically marginalized, people from agricultural backgrounds and unemployed people, in particular women,<\/p>\n<p>Activation is also fostered by rehabilitation and therapeutic, recreational, cultural, artistic and sports activities, including organizing trips, rehabilitation stays, sports camps, sports, recreational and cultural events, special events, classes and workshops, taking into account the sustainable development of rural areas, including in particular, preventing unemployment by promoting and supporting the development of ecotourism in environmentally valuable areas, supporting the development of local products based on the values of the environment and local tradition, developing activities for environmental protection.<\/p>\n<p>Activation of the local community is carried out through activities aimed at implementing the assumptions of the social economy in<br>in particular through the promotion of tourism, recreation, agritourism, organic farming, regional products, small-scale manufacturing, artistic craftsmanship and the implementation of solutions promoting ecology and renewable energy sources.<\/p>\n<p><strong>OTHER FORMS OF SUPPORT<\/strong><\/p>\n<p>1) Organization of trainings and workshops,<br>2) Supporting program and production projects in terms of finance and production,<br>3) Supporting initiatives in the area of all stages of audiovisual production,<br>4) Supporting and promoting creators,<br>5) Popularization of new ideas in the field of audiovisual production,<br>6) Promoting new phenomena in the field of audiovisual production,<br>7) Spreading knowledge related to the fields of audiovisual production,<br>8) Cooperation with authorities in the field of production and implementation of audiovisual forms,<br>9) Cooperation with domestic and foreign organizations, research centers, universities, institutions,<br>10) Organization of festivals, symposiums and conferences devoted to audiovisual arts,<br>11) Promotion and development of volunteering and creating conditions for its operation.<\/p>\n<h5>Would you like to help?<\/h5>\n<p>We invite you to support the foundation&#8217;s activities. Contact with us today and we&#8217;ll tell you how we can help.<\/p>\t\t\t\t\t\t<\/div>\n\t\t\t\t<\/div>\n\t\t\t\t\t<\/div>\n\t\t<\/div>\n\t\t\t\t\t<\/div>\n\t\t<\/section>\n\t\t\t\t<\/div>\n\t\t","protected":false},"excerpt":{"rendered":"<p>Foundation INSTYTUT DZIA\u0141A\u0143 AUDIOWIZUALNYCH REGON: 381102076NIP: 6342935501KRS: 0000745896 Address: 40-711 Katowice, ul. Tadeusza Saloniego 11 View Statute Foundation&#8217;s mission The mission of the Foundation is [&hellip;]<\/p>\n","protected":false},"author":1,"featured_media":0,"parent":0,"menu_order":0,"comment_status":"closed","ping_status":"closed","template":"","meta":{"footnotes":""},"class_list":["post-2501","page","type-page","status-publish","hentry"],"yoast_head":"<!-- This site is optimized with the Yoast SEO plugin v25.5 - https:\/\/yoast.com\/wordpress\/plugins\/seo\/ -->\n<title>Foundation - Signalo Systemy IT dla przemys\u0142u<\/title>\n<meta name=\"robots\" content=\"index, follow, max-snippet:-1, max-image-preview:large, max-video-preview:-1\" \/>\n<link rel=\"canonical\" href=\"https:\/\/signalo.pl\/fundacja\/\" \/>\n<meta property=\"og:locale\" content=\"en_US\" \/>\n<meta property=\"og:type\" content=\"article\" \/>\n<meta property=\"og:title\" content=\"Foundation - Signalo Systemy IT dla przemys\u0142u\" \/>\n<meta property=\"og:description\" content=\"Foundation INSTYTUT DZIA\u0141A\u0143 AUDIOWIZUALNYCH REGON: 381102076NIP: 6342935501KRS: 0000745896 Address: 40-711 Katowice, ul. Tadeusza Saloniego 11 View Statute Foundation&#8217;s mission The mission of the Foundation is [&hellip;]\" \/>\n<meta property=\"og:url\" content=\"https:\/\/signalo.pl\/fundacja\/\" \/>\n<meta property=\"og:site_name\" content=\"Signalo Systemy IT dla przemys\u0142u\" \/>\n<meta property=\"article:modified_time\" content=\"2023-07-06T07:54:32+00:00\" \/>\n<meta name=\"twitter:card\" content=\"summary_large_image\" \/>\n<meta name=\"twitter:label1\" content=\"Est. reading time\" \/>\n\t<meta name=\"twitter:data1\" content=\"3 minutes\" \/>\n<script type=\"application\/ld+json\" class=\"yoast-schema-graph\">{\"@context\":\"https:\/\/schema.org\",\"@graph\":[{\"@type\":\"WebPage\",\"@id\":\"https:\/\/signalo.pl\/fundacja\/\",\"url\":\"https:\/\/signalo.pl\/fundacja\/\",\"name\":\"Foundation - Signalo Systemy IT dla przemys\u0142u\",\"isPartOf\":{\"@id\":\"https:\/\/signalo.pl\/#website\"},\"datePublished\":\"2022-09-16T12:33:47+00:00\",\"dateModified\":\"2023-07-06T07:54:32+00:00\",\"breadcrumb\":{\"@id\":\"https:\/\/signalo.pl\/fundacja\/#breadcrumb\"},\"inLanguage\":\"en-US\",\"potentialAction\":[{\"@type\":\"ReadAction\",\"target\":[\"https:\/\/signalo.pl\/fundacja\/\"]}]},{\"@type\":\"BreadcrumbList\",\"@id\":\"https:\/\/signalo.pl\/fundacja\/#breadcrumb\",\"itemListElement\":[{\"@type\":\"ListItem\",\"position\":1,\"name\":\"Home\",\"item\":\"https:\/\/signalo.pl\/\"},{\"@type\":\"ListItem\",\"position\":2,\"name\":\"Foundation\"}]},{\"@type\":\"WebSite\",\"@id\":\"https:\/\/signalo.pl\/#website\",\"url\":\"https:\/\/signalo.pl\/\",\"name\":\"Signalo Systemy IT dla przemys\u0142u\",\"description\":\"Signalo - producent i dostawca system\u00f3w IT dla przemys\u0142u. System MES Signalo. System CMMS Signalo. Skillsmatrix Signalo.\",\"potentialAction\":[{\"@type\":\"SearchAction\",\"target\":{\"@type\":\"EntryPoint\",\"urlTemplate\":\"https:\/\/signalo.pl\/?s={search_term_string}\"},\"query-input\":{\"@type\":\"PropertyValueSpecification\",\"valueRequired\":true,\"valueName\":\"search_term_string\"}}],\"inLanguage\":\"en-US\"}]}<\/script>\n<!-- \/ Yoast SEO plugin. -->","yoast_head_json":{"title":"Foundation - Signalo Systemy IT dla przemys\u0142u","robots":{"index":"index","follow":"follow","max-snippet":"max-snippet:-1","max-image-preview":"max-image-preview:large","max-video-preview":"max-video-preview:-1"},"canonical":"https:\/\/signalo.pl\/fundacja\/","og_locale":"en_US","og_type":"article","og_title":"Foundation - Signalo Systemy IT dla przemys\u0142u","og_description":"Foundation INSTYTUT DZIA\u0141A\u0143 AUDIOWIZUALNYCH REGON: 381102076NIP: 6342935501KRS: 0000745896 Address: 40-711 Katowice, ul. Tadeusza Saloniego 11 View Statute Foundation&#8217;s mission The mission of the Foundation is [&hellip;]","og_url":"https:\/\/signalo.pl\/fundacja\/","og_site_name":"Signalo Systemy IT dla przemys\u0142u","article_modified_time":"2023-07-06T07:54:32+00:00","twitter_card":"summary_large_image","twitter_misc":{"Est. reading time":"3 minutes"},"schema":{"@context":"https:\/\/schema.org","@graph":[{"@type":"WebPage","@id":"https:\/\/signalo.pl\/fundacja\/","url":"https:\/\/signalo.pl\/fundacja\/","name":"Foundation - Signalo Systemy IT dla przemys\u0142u","isPartOf":{"@id":"https:\/\/signalo.pl\/#website"},"datePublished":"2022-09-16T12:33:47+00:00","dateModified":"2023-07-06T07:54:32+00:00","breadcrumb":{"@id":"https:\/\/signalo.pl\/fundacja\/#breadcrumb"},"inLanguage":"en-US","potentialAction":[{"@type":"ReadAction","target":["https:\/\/signalo.pl\/fundacja\/"]}]},{"@type":"BreadcrumbList","@id":"https:\/\/signalo.pl\/fundacja\/#breadcrumb","itemListElement":[{"@type":"ListItem","position":1,"name":"Home","item":"https:\/\/signalo.pl\/"},{"@type":"ListItem","position":2,"name":"Foundation"}]},{"@type":"WebSite","@id":"https:\/\/signalo.pl\/#website","url":"https:\/\/signalo.pl\/","name":"Signalo Systemy IT dla przemys\u0142u","description":"Signalo - producent i dostawca system\u00f3w IT dla przemys\u0142u. System MES Signalo. System CMMS Signalo. Skillsmatrix Signalo.","potentialAction":[{"@type":"SearchAction","target":{"@type":"EntryPoint","urlTemplate":"https:\/\/signalo.pl\/?s={search_term_string}"},"query-input":{"@type":"PropertyValueSpecification","valueRequired":true,"valueName":"search_term_string"}}],"inLanguage":"en-US"}]}},"_links":{"self":[{"href":"https:\/\/signalo.pl\/en\/wp-json\/wp\/v2\/pages\/2501","targetHints":{"allow":["GET"]}}],"collection":[{"href":"https:\/\/signalo.pl\/en\/wp-json\/wp\/v2\/pages"}],"about":[{"href":"https:\/\/signalo.pl\/en\/wp-json\/wp\/v2\/types\/page"}],"author":[{"embeddable":true,"href":"https:\/\/signalo.pl\/en\/wp-json\/wp\/v2\/users\/1"}],"replies":[{"embeddable":true,"href":"https:\/\/signalo.pl\/en\/wp-json\/wp\/v2\/comments?post=2501"}],"version-history":[{"count":18,"href":"https:\/\/signalo.pl\/en\/wp-json\/wp\/v2\/pages\/2501\/revisions"}],"predecessor-version":[{"id":3657,"href":"https:\/\/signalo.pl\/en\/wp-json\/wp\/v2\/pages\/2501\/revisions\/3657"}],"wp:attachment":[{"href":"https:\/\/signalo.pl\/en\/wp-json\/wp\/v2\/media?parent=2501"}],"curies":[{"name":"wp","href":"https:\/\/api.w.org\/{rel}","templated":true}]}}