{"id":2517,"date":"2022-09-16T10:56:48","date_gmt":"2022-09-16T10:56:48","guid":{"rendered":"https:\/\/signalo.pl\/?page_id=2517"},"modified":"2026-02-20T08:24:18","modified_gmt":"2026-02-20T08:24:18","slug":"free-consultation","status":"publish","type":"page","link":"https:\/\/signalo.pl\/en\/free-consultation\/","title":{"rendered":"Free consultation"},"content":{"rendered":"\t\t<div data-elementor-type=\"wp-page\" data-elementor-id=\"2517\" class=\"elementor elementor-2517\">\n\t\t\t\t\t\t<section class=\"elementor-section elementor-top-section elementor-element elementor-element-e61790b elementor-section-boxed elementor-section-height-default elementor-section-height-default\" data-id=\"e61790b\" data-element_type=\"section\">\n\t\t\t\t\t\t<div class=\"elementor-container elementor-column-gap-default\">\n\t\t\t\t\t<div class=\"elementor-column elementor-col-100 elementor-top-column elementor-element elementor-element-913d2ad\" data-id=\"913d2ad\" data-element_type=\"column\">\n\t\t\t<div class=\"elementor-widget-wrap elementor-element-populated\">\n\t\t\t\t\t\t<div class=\"elementor-element elementor-element-bae51c8 elementor-widget elementor-widget-html\" data-id=\"bae51c8\" data-element_type=\"widget\" data-widget_type=\"html.default\">\n\t\t\t\t<div class=\"elementor-widget-container\">\n\t\t\t<div class=\"signalo-lead-intro-pro\">\r\n\r\n  <div class=\"signalo-intro-accent\"><\/div>\r\n\r\n  <div class=\"signalo-intro-text\">\r\n    <h2>Let\u2019s see where your production can regain time and reduce costs<\/h2>\r\n\r\n    <p>\r\n      The conversation takes 30 minutes and is focused only on understanding your situation.\r\n    <\/p>\r\n  <\/div>\r\n\r\n<\/div>\r\n\r\n<style>\r\n\r\n.signalo-lead-intro-pro{\r\n  background:#f7f8fa;\r\n  border-radius:14px;\r\n  padding:32px 36px;\r\n  margin-bottom:30px;\r\n  position:relative;\r\n}\r\n\r\n.signalo-intro-accent{\r\n  position:absolute;\r\n  left:0;\r\n  top:0;\r\n  height:100%;\r\n  width:4px;\r\n  background:#14716e;\r\n  border-radius:4px 0 0 4px;\r\n}\r\n\r\n.signalo-intro-text h2{\r\n  margin:0 0 10px 0;\r\n  font-size:34px;\r\n  line-height:1.2;\r\n}\r\n\r\n.signalo-intro-text p{\r\n  margin:0;\r\n  font-size:16px;\r\n  opacity:0.8;\r\n}\r\n\r\n\/* MOBILE *\/\r\n@media(max-width:768px){\r\n\r\n  .signalo-lead-intro-pro{\r\n    padding:22px 20px;\r\n  }\r\n\r\n  .signalo-intro-text h2{\r\n    font-size:26px;\r\n  }\r\n\r\n  .signalo-intro-text p{\r\n    font-size:15px;\r\n  }\r\n\r\n}\r\n\r\n<\/style>\r\n\t\t<\/div>\n\t\t\t\t<\/div>\n\t\t\t\t\t<\/div>\n\t\t<\/div>\n\t\t\t\t\t<\/div>\n\t\t<\/section>\n\t\t\t\t<section class=\"elementor-section elementor-top-section elementor-element elementor-element-4775b83 elementor-section-boxed elementor-section-height-default elementor-section-height-default\" data-id=\"4775b83\" data-element_type=\"section\" data-settings=\"{&quot;background_background&quot;:&quot;classic&quot;}\">\n\t\t\t\t\t\t<div class=\"elementor-container elementor-column-gap-default\">\n\t\t\t\t\t<div class=\"elementor-column elementor-col-50 elementor-top-column elementor-element elementor-element-5028120 box-shadow\" data-id=\"5028120\" data-element_type=\"column\" data-settings=\"{&quot;background_background&quot;:&quot;classic&quot;}\">\n\t\t\t<div class=\"elementor-widget-wrap elementor-element-populated\">\n\t\t\t\t\t\t<div class=\"elementor-element elementor-element-53ec636 elementor-widget elementor-widget-text-editor\" data-id=\"53ec636\" data-element_type=\"widget\" data-widget_type=\"text-editor.default\">\n\t\t\t\t<div class=\"elementor-widget-container\">\n\t\t\t<style>\/*! elementor - v3.23.0 - 05-08-2024 *\/\n.elementor-widget-text-editor.elementor-drop-cap-view-stacked .elementor-drop-cap{background-color:#69727d;color:#fff}.elementor-widget-text-editor.elementor-drop-cap-view-framed .elementor-drop-cap{color:#69727d;border:3px solid;background-color:transparent}.elementor-widget-text-editor:not(.elementor-drop-cap-view-default) .elementor-drop-cap{margin-top:8px}.elementor-widget-text-editor:not(.elementor-drop-cap-view-default) .elementor-drop-cap-letter{width:1em;height:1em}.elementor-widget-text-editor .elementor-drop-cap{float:left;text-align:center;line-height:1;font-size:50px}.elementor-widget-text-editor .elementor-drop-cap-letter{display:inline-block}<\/style>\t\t\t\t<div class=\"signalo-box signalo-box-calendar\">\n  <div class=\"signalo-box-accent\"><\/div>\n\n  <h3>Let\u2019s start with a short conversation<\/h3>\n\n  <div class=\"signalo-box-divider\"><\/div>\n\n  <p>\n    Choose a convenient time in the calendar below.<br>\n    30 minutes of a calm conversation about your production situation. No sales pitch.\n  <\/p>\n\n<\/div>\n\n<style>\n\n.signalo-box{\n  background:#ffffff;\n  border-radius:14px;\n  padding:26px 28px;\n  position:relative;\n}\n\n.signalo-box-accent{\n  position:absolute;\n  top:0;\n  left:0;\n  width:100%;\n  height:3px;\n  background:#14716e;\n  border-radius:14px 14px 0 0;\n}\n\n.signalo-box h3{\n  margin:10px 0 12px 0;\n  font-size:30px;\n  line-height:1.15;\n}\n\n.signalo-box-divider{\n  width:42px;\n  height:2px;\n  background:#e3e6ea;\n  margin-bottom:14px;\n}\n\n.signalo-box p{\n  margin:0;\n  font-size:15px;\n  line-height:1.55;\n  opacity:0.85;\n}\n\n\/* MOBILE *\/\n@media(max-width:768px){\n\n  .signalo-box{\n    padding:20px;\n  }\n\n  .signalo-box h3{\n    font-size:24px;\n  }\n\n}\n\n<\/style>\n\t\t\t\t\t\t<\/div>\n\t\t\t\t<\/div>\n\t\t\t\t<div class=\"elementor-element elementor-element-f24c9be elementor-widget elementor-widget-html\" data-id=\"f24c9be\" data-element_type=\"widget\" data-widget_type=\"html.default\">\n\t\t\t\t<div class=\"elementor-widget-container\">\n\t\t\t<!-- ===== SIGNALO INLINE BOOKING EMBED \u2013 POLSKA ===== -->\r\n\r\n<style>\r\n.signalo-booking-wrapper{\r\n  max-width:1100px;\r\n  margin:40px auto;\r\n  padding:28px;\r\n  background:#ffffff;\r\n  border-radius:18px;\r\n  box-shadow:0 30px 70px rgba(0,0,0,0.08);\r\n}\r\n\r\n.signalo-booking-frame{\r\n  width:100%;\r\n  height:780px;\r\n  border:0;\r\n  border-radius:14px;\r\n}\r\n\r\n\/* Mobile *\/\r\n@media (max-width:768px){\r\n  .signalo-booking-frame{\r\n    height:920px;\r\n  }\r\n}\r\n<\/style>\r\n\r\n<div class=\"signalo-booking-wrapper\">\r\n\r\n  <iframe\r\n    class=\"signalo-booking-frame\"\r\n    src=\"https:\/\/outlook.office.com\/book\/SignaloPolska@signalo.us\/s\/EIn8nmoQBEmU6VBaoWy6DQ2?ismsaljsauthenabled\"\r\n    scrolling=\"yes\">\r\n  <\/iframe>\r\n\r\n<\/div>\r\n\r\n<!-- ===== END SIGNALO BOOKING EMBED ===== -->\r\n\t\t<\/div>\n\t\t\t\t<\/div>\n\t\t\t\t\t<\/div>\n\t\t<\/div>\n\t\t\t\t<div class=\"elementor-column elementor-col-50 elementor-top-column elementor-element elementor-element-58d4e89 box-shadow\" data-id=\"58d4e89\" data-element_type=\"column\" data-settings=\"{&quot;background_background&quot;:&quot;classic&quot;}\">\n\t\t\t<div class=\"elementor-widget-wrap elementor-element-populated\">\n\t\t\t\t\t\t<div class=\"elementor-element elementor-element-d624f51 elementor-widget elementor-widget-text-editor\" data-id=\"d624f51\" data-element_type=\"widget\" data-widget_type=\"text-editor.default\">\n\t\t\t\t<div class=\"elementor-widget-container\">\n\t\t\t\t\t\t\t<div class=\"signalo-box signalo-box-contact\">\n  <div class=\"signalo-box-accent\"><\/div>\n\n  <h3>Prefer us to suggest a time?<\/h3>\n\n  <div class=\"signalo-box-divider\"><\/div>\n\n  <p>\n    Leave your details in the form below.<br>\n    We\u2019ll reach out and agree on a convenient time for the conversation together.\n  <\/p>\n\n<\/div>\n\t\t\t\t\t\t<\/div>\n\t\t\t\t<\/div>\n\t\t\t\t<div class=\"elementor-element elementor-element-1ff6ff4 eael-contact-form-7-button-align-center eael-contact-form-7-button-custom elementor-widget elementor-widget-eael-contact-form-7\" data-id=\"1ff6ff4\" data-element_type=\"widget\" data-widget_type=\"eael-contact-form-7.default\">\n\t\t\t\t<div class=\"elementor-widget-container\">\n\t\t\t<div class=\"eael-contact-form-7-wrapper\">\n                <div class=\"eael-contact-form eael-contact-form-7 eael-contact-form-1ff6ff4 placeholder-show eael-contact-form-align-default\"><div role=\"form\" class=\"wpcf7\" id=\"wpcf7-f863-o1\" lang=\"en-US\" dir=\"ltr\">\n<div class=\"screen-reader-response\"><p role=\"status\" aria-live=\"polite\" aria-atomic=\"true\"><\/p> <ul><\/ul><\/div>\n<form action=\"\/en\/wp-json\/wp\/v2\/pages\/2517#wpcf7-f863-o1\" method=\"post\" class=\"wpcf7-form init\" novalidate=\"novalidate\" data-status=\"init\">\n<div style=\"display: none;\">\n<input type=\"hidden\" name=\"_wpcf7\" value=\"863\" \/>\n<input type=\"hidden\" name=\"_wpcf7_version\" value=\"5.6.2\" \/>\n<input type=\"hidden\" name=\"_wpcf7_locale\" value=\"en_US\" \/>\n<input type=\"hidden\" name=\"_wpcf7_unit_tag\" value=\"wpcf7-f863-o1\" \/>\n<input type=\"hidden\" name=\"_wpcf7_container_post\" value=\"0\" \/>\n<input type=\"hidden\" name=\"_wpcf7_posted_data_hash\" value=\"\" \/>\n<input type=\"hidden\" name=\"_wpcf7_recaptcha_response\" value=\"\" \/>\n<\/div>\n<p><label> Name and surname \/ Company name<br \/>\n    <span class=\"wpcf7-form-control-wrap\" data-name=\"your-name\"><input type=\"text\" name=\"your-name\" value=\"\" size=\"40\" class=\"wpcf7-form-control wpcf7-text wpcf7-validates-as-required\" aria-required=\"true\" aria-invalid=\"false\" \/><\/span> <\/label><\/p>\n<p><label> E-mail adress<br \/>\n    <span class=\"wpcf7-form-control-wrap\" data-name=\"your-email\"><input type=\"email\" name=\"your-email\" value=\"\" size=\"40\" class=\"wpcf7-form-control wpcf7-text wpcf7-email wpcf7-validates-as-required wpcf7-validates-as-email\" aria-required=\"true\" aria-invalid=\"false\" \/><\/span> <\/label><\/p>\n<p><label> Phone number<br \/>\n    <span class=\"wpcf7-form-control-wrap\" data-name=\"your-subject\"><input type=\"text\" name=\"your-subject\" value=\"\" size=\"40\" class=\"wpcf7-form-control wpcf7-text wpcf7-validates-as-required\" aria-required=\"true\" aria-invalid=\"false\" \/><\/span> <\/label><\/p>\n<p><label> Message<br \/>\n    <span class=\"wpcf7-form-control-wrap\" data-name=\"your-message\"><textarea name=\"your-message\" cols=\"40\" rows=\"10\" class=\"wpcf7-form-control wpcf7-textarea\" aria-invalid=\"false\"><\/textarea><\/span> <\/label><\/p>\n<p><input type=\"submit\" value=\"Send\" class=\"wpcf7-form-control has-spinner wpcf7-submit\" \/><\/p>\n<div class=\"wpcf7-response-output\" aria-hidden=\"true\"><\/div><\/form><\/div><\/div>\n            <\/div>\t\t<\/div>\n\t\t\t\t<\/div>\n\t\t\t\t\t<\/div>\n\t\t<\/div>\n\t\t\t\t\t<\/div>\n\t\t<\/section>\n\t\t\t\t<\/div>\n\t\t","protected":false},"excerpt":{"rendered":"<p>Let\u2019s see where your production can regain time and reduce costs The conversation takes 30 minutes and is focused only on understanding your situation. Let\u2019s [&hellip;]<\/p>\n","protected":false},"author":1,"featured_media":23132,"parent":0,"menu_order":0,"comment_status":"closed","ping_status":"closed","template":"","meta":{"footnotes":""},"class_list":["post-2517","page","type-page","status-publish","has-post-thumbnail","hentry"],"yoast_head":"<!-- This site is optimized with the Yoast SEO plugin v25.5 - https:\/\/yoast.com\/wordpress\/plugins\/seo\/ -->\n<title>Free consultation - Signalo Systemy IT dla przemys\u0142u<\/title>\n<meta name=\"robots\" content=\"index, follow, max-snippet:-1, max-image-preview:large, max-video-preview:-1\" \/>\n<link rel=\"canonical\" href=\"https:\/\/signalo.pl\/darmowa-konsultacja\/\" \/>\n<meta property=\"og:locale\" content=\"en_US\" \/>\n<meta property=\"og:type\" content=\"article\" \/>\n<meta property=\"og:title\" content=\"Free consultation - Signalo Systemy IT dla przemys\u0142u\" \/>\n<meta property=\"og:description\" content=\"Let\u2019s see where your production can regain time and reduce costs The conversation takes 30 minutes and is focused only on understanding your situation. Let\u2019s [&hellip;]\" \/>\n<meta property=\"og:url\" content=\"https:\/\/signalo.pl\/darmowa-konsultacja\/\" \/>\n<meta property=\"og:site_name\" content=\"Signalo Systemy IT dla przemys\u0142u\" \/>\n<meta property=\"article:modified_time\" content=\"2026-02-20T08:24:18+00:00\" \/>\n<meta property=\"og:image\" content=\"https:\/\/signalo.pl\/wp-content\/uploads\/2026\/02\/signalo-darmowa-konsultacja-analiza-procesu-na-hali-produkcyjnej.jpg\" \/>\n\t<meta property=\"og:image:width\" content=\"1536\" \/>\n\t<meta property=\"og:image:height\" content=\"1024\" \/>\n\t<meta property=\"og:image:type\" content=\"image\/jpeg\" \/>\n<meta name=\"twitter:card\" content=\"summary_large_image\" \/>\n<meta name=\"twitter:label1\" content=\"Est. reading time\" \/>\n\t<meta name=\"twitter:data1\" content=\"1 minute\" \/>\n<script type=\"application\/ld+json\" class=\"yoast-schema-graph\">{\"@context\":\"https:\/\/schema.org\",\"@graph\":[{\"@type\":\"WebPage\",\"@id\":\"https:\/\/signalo.pl\/darmowa-konsultacja\/\",\"url\":\"https:\/\/signalo.pl\/darmowa-konsultacja\/\",\"name\":\"Free consultation - Signalo Systemy IT dla przemys\u0142u\",\"isPartOf\":{\"@id\":\"https:\/\/signalo.pl\/#website\"},\"primaryImageOfPage\":{\"@id\":\"https:\/\/signalo.pl\/darmowa-konsultacja\/#primaryimage\"},\"image\":{\"@id\":\"https:\/\/signalo.pl\/darmowa-konsultacja\/#primaryimage\"},\"thumbnailUrl\":\"https:\/\/signalo.pl\/wp-content\/uploads\/2026\/02\/signalo-darmowa-konsultacja-analiza-procesu-na-hali-produkcyjnej.jpg\",\"datePublished\":\"2022-09-16T10:56:48+00:00\",\"dateModified\":\"2026-02-20T08:24:18+00:00\",\"breadcrumb\":{\"@id\":\"https:\/\/signalo.pl\/darmowa-konsultacja\/#breadcrumb\"},\"inLanguage\":\"en-US\",\"potentialAction\":[{\"@type\":\"ReadAction\",\"target\":[\"https:\/\/signalo.pl\/darmowa-konsultacja\/\"]}]},{\"@type\":\"ImageObject\",\"inLanguage\":\"en-US\",\"@id\":\"https:\/\/signalo.pl\/darmowa-konsultacja\/#primaryimage\",\"url\":\"https:\/\/signalo.pl\/wp-content\/uploads\/2026\/02\/signalo-darmowa-konsultacja-analiza-procesu-na-hali-produkcyjnej.jpg\",\"contentUrl\":\"https:\/\/signalo.pl\/wp-content\/uploads\/2026\/02\/signalo-darmowa-konsultacja-analiza-procesu-na-hali-produkcyjnej.jpg\",\"width\":1536,\"height\":1024,\"caption\":\"Kierownik produkcji omawia dane na tablecie z mechanikiem na hali produkcyjnej\"},{\"@type\":\"BreadcrumbList\",\"@id\":\"https:\/\/signalo.pl\/darmowa-konsultacja\/#breadcrumb\",\"itemListElement\":[{\"@type\":\"ListItem\",\"position\":1,\"name\":\"Home\",\"item\":\"https:\/\/signalo.pl\/\"},{\"@type\":\"ListItem\",\"position\":2,\"name\":\"Free consultation\"}]},{\"@type\":\"WebSite\",\"@id\":\"https:\/\/signalo.pl\/#website\",\"url\":\"https:\/\/signalo.pl\/\",\"name\":\"Signalo Systemy IT dla przemys\u0142u\",\"description\":\"Signalo - producent i dostawca system\u00f3w IT dla przemys\u0142u. System MES Signalo. System CMMS Signalo. Skillsmatrix Signalo.\",\"potentialAction\":[{\"@type\":\"SearchAction\",\"target\":{\"@type\":\"EntryPoint\",\"urlTemplate\":\"https:\/\/signalo.pl\/?s={search_term_string}\"},\"query-input\":{\"@type\":\"PropertyValueSpecification\",\"valueRequired\":true,\"valueName\":\"search_term_string\"}}],\"inLanguage\":\"en-US\"}]}<\/script>\n<!-- \/ Yoast SEO plugin. -->","yoast_head_json":{"title":"Free consultation - Signalo Systemy IT dla przemys\u0142u","robots":{"index":"index","follow":"follow","max-snippet":"max-snippet:-1","max-image-preview":"max-image-preview:large","max-video-preview":"max-video-preview:-1"},"canonical":"https:\/\/signalo.pl\/darmowa-konsultacja\/","og_locale":"en_US","og_type":"article","og_title":"Free consultation - Signalo Systemy IT dla przemys\u0142u","og_description":"Let\u2019s see where your production can regain time and reduce costs The conversation takes 30 minutes and is focused only on understanding your situation. Let\u2019s [&hellip;]","og_url":"https:\/\/signalo.pl\/darmowa-konsultacja\/","og_site_name":"Signalo Systemy IT dla przemys\u0142u","article_modified_time":"2026-02-20T08:24:18+00:00","og_image":[{"width":1536,"height":1024,"url":"https:\/\/signalo.pl\/wp-content\/uploads\/2026\/02\/signalo-darmowa-konsultacja-analiza-procesu-na-hali-produkcyjnej.jpg","type":"image\/jpeg"}],"twitter_card":"summary_large_image","twitter_misc":{"Est. reading time":"1 minute"},"schema":{"@context":"https:\/\/schema.org","@graph":[{"@type":"WebPage","@id":"https:\/\/signalo.pl\/darmowa-konsultacja\/","url":"https:\/\/signalo.pl\/darmowa-konsultacja\/","name":"Free consultation - Signalo Systemy IT dla przemys\u0142u","isPartOf":{"@id":"https:\/\/signalo.pl\/#website"},"primaryImageOfPage":{"@id":"https:\/\/signalo.pl\/darmowa-konsultacja\/#primaryimage"},"image":{"@id":"https:\/\/signalo.pl\/darmowa-konsultacja\/#primaryimage"},"thumbnailUrl":"https:\/\/signalo.pl\/wp-content\/uploads\/2026\/02\/signalo-darmowa-konsultacja-analiza-procesu-na-hali-produkcyjnej.jpg","datePublished":"2022-09-16T10:56:48+00:00","dateModified":"2026-02-20T08:24:18+00:00","breadcrumb":{"@id":"https:\/\/signalo.pl\/darmowa-konsultacja\/#breadcrumb"},"inLanguage":"en-US","potentialAction":[{"@type":"ReadAction","target":["https:\/\/signalo.pl\/darmowa-konsultacja\/"]}]},{"@type":"ImageObject","inLanguage":"en-US","@id":"https:\/\/signalo.pl\/darmowa-konsultacja\/#primaryimage","url":"https:\/\/signalo.pl\/wp-content\/uploads\/2026\/02\/signalo-darmowa-konsultacja-analiza-procesu-na-hali-produkcyjnej.jpg","contentUrl":"https:\/\/signalo.pl\/wp-content\/uploads\/2026\/02\/signalo-darmowa-konsultacja-analiza-procesu-na-hali-produkcyjnej.jpg","width":1536,"height":1024,"caption":"Kierownik produkcji omawia dane na tablecie z mechanikiem na hali produkcyjnej"},{"@type":"BreadcrumbList","@id":"https:\/\/signalo.pl\/darmowa-konsultacja\/#breadcrumb","itemListElement":[{"@type":"ListItem","position":1,"name":"Home","item":"https:\/\/signalo.pl\/"},{"@type":"ListItem","position":2,"name":"Free consultation"}]},{"@type":"WebSite","@id":"https:\/\/signalo.pl\/#website","url":"https:\/\/signalo.pl\/","name":"Signalo Systemy IT dla przemys\u0142u","description":"Signalo - producent i dostawca system\u00f3w IT dla przemys\u0142u. System MES Signalo. System CMMS Signalo. Skillsmatrix Signalo.","potentialAction":[{"@type":"SearchAction","target":{"@type":"EntryPoint","urlTemplate":"https:\/\/signalo.pl\/?s={search_term_string}"},"query-input":{"@type":"PropertyValueSpecification","valueRequired":true,"valueName":"search_term_string"}}],"inLanguage":"en-US"}]}},"_links":{"self":[{"href":"https:\/\/signalo.pl\/en\/wp-json\/wp\/v2\/pages\/2517","targetHints":{"allow":["GET"]}}],"collection":[{"href":"https:\/\/signalo.pl\/en\/wp-json\/wp\/v2\/pages"}],"about":[{"href":"https:\/\/signalo.pl\/en\/wp-json\/wp\/v2\/types\/page"}],"author":[{"embeddable":true,"href":"https:\/\/signalo.pl\/en\/wp-json\/wp\/v2\/users\/1"}],"replies":[{"embeddable":true,"href":"https:\/\/signalo.pl\/en\/wp-json\/wp\/v2\/comments?post=2517"}],"version-history":[{"count":32,"href":"https:\/\/signalo.pl\/en\/wp-json\/wp\/v2\/pages\/2517\/revisions"}],"predecessor-version":[{"id":23363,"href":"https:\/\/signalo.pl\/en\/wp-json\/wp\/v2\/pages\/2517\/revisions\/23363"}],"wp:featuredmedia":[{"embeddable":true,"href":"https:\/\/signalo.pl\/en\/wp-json\/wp\/v2\/media\/23132"}],"wp:attachment":[{"href":"https:\/\/signalo.pl\/en\/wp-json\/wp\/v2\/media?parent=2517"}],"curies":[{"name":"wp","href":"https:\/\/api.w.org\/{rel}","templated":true}]}}